{"id":3574,"date":"2020-06-22T16:49:28","date_gmt":"2020-06-22T07:49:28","guid":{"rendered":"http:\/\/rewater.co.kr\/?page_id=3574"},"modified":"2021-12-09T14:20:39","modified_gmt":"2021-12-09T05:20:39","slug":"%ed%95%98%ec%b2%9c%e3%86%8d%ed%98%b8%ec%88%98%eb%b3%b5%ec%9b%90","status":"publish","type":"page","link":"http:\/\/rewater.co.kr\/vn\/?page_id=3574","title":{"rendered":"Thanh l\u1ecdc s\u00f4ng ng\u00f2i"},"content":{"rendered":"<p>[vc_row full_width=&#8221;stretch_row&#8221; css=&#8221;.vc_custom_1568791349323{padding-top: 20px !important;padding-bottom: 60px !important;background-position: center !important;background-repeat: no-repeat !important;background-size: cover !important;}&#8221;][vc_column][vc_row_inner css=&#8221;.vc_custom_1568705959911{padding-top: 30px !important;}&#8221;][vc_column_inner][vc_custom_heading text=&#8221;<strong>Thanh l\u1ecdc s\u00f4ng ng\u00f2i<\/strong>&#8221; font_container=&#8221;tag:h2|font_size:32px|text_align:left&#8221; use_theme_fonts=&#8221;yes&#8221; css=&#8221;.vc_custom_1638841077440{padding-top: 20px !important;padding-bottom: 20px !important;background-image: url(http:\/\/rewater.co.kr\/vn\/wp-content\/uploads\/sites\/5\/2018\/10\/bullet_bg.png?id=1311) !important;background-position: 0 0 !important;background-repeat: no-repeat !important;}&#8221;][vc_column_text]H\u1ec7 th\u1ed1ng l\u1ecdc CSOs v\u00e0 n\u01b0\u1edbc ch\u1ea3y v\u00e0o s\u00f4ng h\u1ed3, c\u1ea3i thi\u1ec7n ch\u1ea5t l\u01b0\u1ee3ng n\u01b0\u1edbc s\u00f4ng ng\u00f2i v\u00e0 b\u1ea3o v\u1ec7 ngu\u1ed3n n\u01b0\u1edbc h\u1ea1 l\u01b0u, c\u1ea3i thi\u1ec7n m\u00f4i tr\u01b0\u1eddng khu v\u1ef1c xung quanh ngu\u1ed3n n\u01b0\u1edbc trong th\u00e0nh ph\u1ed1.[\/vc_column_text][vc_custom_heading text=&#8221;<strong>M\u1eabu \u1ee9ng d\u1ee5ng thanh l\u1ecdc s\u00f4ng ng\u00f2i. Kh\u00f4i ph\u1ee5c ao h\u1ed3<\/strong>&#8221; font_container=&#8221;tag:h2|font_size:32px|text_align:left&#8221; use_theme_fonts=&#8221;yes&#8221; css=&#8221;.vc_custom_1638841102933{padding-top: 20px !important;padding-bottom: 20px !important;background-image: url(http:\/\/rewater.co.kr\/vn\/wp-content\/uploads\/sites\/5\/2018\/10\/bullet_bg.png?id=1311) !important;background-position: 0 0 !important;background-repeat: no-repeat !important;}&#8221;][vc_images_carousel images=&#8221;3583,3587,3591,3595,3599,3603,3607&#8243; img_size=&#8221;full&#8221; onclick=&#8221;link_no&#8221; slides_per_view=&#8221;4&#8243; autoplay=&#8221;yes&#8221; hide_pagination_control=&#8221;yes&#8221; hide_prev_next_buttons=&#8221;yes&#8221; wrap=&#8221;yes&#8221;][vc_custom_heading text=&#8221;<strong>ph\u1ee5c h\u1ed3i h\u1ed3<\/strong>&#8221; font_container=&#8221;tag:h2|font_size:32px|text_align:left&#8221; use_theme_fonts=&#8221;yes&#8221; css=&#8221;.vc_custom_1638841137113{padding-top: 20px !important;padding-bottom: 20px !important;background-image: url(http:\/\/rewater.co.kr\/vn\/wp-content\/uploads\/sites\/5\/2018\/10\/bullet_bg.png?id=1311) !important;background-position: 0 0 !important;background-repeat: no-repeat !important;}&#8221;][vc_column_text]H\u1ec7 th\u1ed1ng ph\u00f2ng ng\u1eeba \u00f4 nhi\u1ec5m v\u00e0 kh\u00f4i ph\u1ee5c ch\u1ea5t l\u01b0\u1ee3ng n\u01b0\u1edbc ao h\u1ed3 th\u00f4ng qua qu\u00e1 tr\u00ecnh lo\u1ea1i b\u1ecf nh\u1eefng v\u1eadt tr\u00f4i n\u1ed5i v\u00e0 cung c\u1ea5p oxy, tu\u1ea7n ho\u00e0n b\u00ean trong v\u00e0 x\u1eed l\u00fd sinh\u318dh\u00f3a h\u1ecdc b\u1eb1ng h\u1ec7 th\u1ed1ng x\u1eed l\u00fd thanh l\u1ecdc nh\u1eb1m lo\u1ea1i b\u1ecf r\u00eau t\u1ea3o \u00f4 nhi\u1ec5m v\u00e0 c\u1ea3i thi\u1ec7n ch\u1ea5t l\u01b0\u1ee3ng n\u01b0\u1edbc ao h\u1ed3.[\/vc_column_text][vc_single_image image=&#8221;3842&#8243; img_size=&#8221;full&#8221; alignment=&#8221;center&#8221; onclick=&#8221;link_image&#8221; label=&#8221;&#8221;][\/vc_column_inner][\/vc_row_inner][\/vc_column][\/vc_row]<\/p>\n","protected":false},"excerpt":{"rendered":"<p>[vc_row full_width=&#8221;stretch_row&#8221; css=&#8221;.vc_custom_1568791349323{padding-top: 20px !important;padding-bottom: 60px !important;background-position: center !important;background-repeat: no-repeat !important;background-size: cover !important;}&#8221;][vc_column][vc_row_inner css=&#8221;.vc_custom_1568705959911{padding-top: 30px !important;}&#8221;][vc_column_inner][vc_custom_heading text=&#8221;Thanh l\u1ecdc s\u00f4ng ng\u00f2i&#8221; font_container=&#8221;tag:h2|font_size:32px|text_align:left&#8221; use_theme_fonts=&#8221;yes&#8221; css=&#8221;.vc_custom_1638841077440{padding-top: 20px !important;padding-bottom: 20px !important;background-image: url(http:\/\/rewater.co.kr\/vn\/wp-content\/uploads\/sites\/5\/2018\/10\/bullet_bg.png?id=1311) !important;background-position: 0 0 !important;background-repeat: no-repeat !important;}&#8221;][vc_column_text]H\u1ec7 th\u1ed1ng l\u1ecdc CSOs v\u00e0 n\u01b0\u1edbc ch\u1ea3y v\u00e0o s\u00f4ng h\u1ed3, c\u1ea3i thi\u1ec7n ch\u1ea5t l\u01b0\u1ee3ng n\u01b0\u1edbc s\u00f4ng ng\u00f2i v\u00e0 b\u1ea3o v\u1ec7 ngu\u1ed3n n\u01b0\u1edbc [&hellip;]<\/p>\n","protected":false},"author":1,"featured_media":0,"parent":1330,"menu_order":0,"comment_status":"closed","ping_status":"closed","template":"","meta":[],"_links":{"self":[{"href":"http:\/\/rewater.co.kr\/vn\/index.php?rest_route=\/wp\/v2\/pages\/3574"}],"collection":[{"href":"http:\/\/rewater.co.kr\/vn\/index.php?rest_route=\/wp\/v2\/pages"}],"about":[{"href":"http:\/\/rewater.co.kr\/vn\/index.php?rest_route=\/wp\/v2\/types\/page"}],"author":[{"embeddable":true,"href":"http:\/\/rewater.co.kr\/vn\/index.php?rest_route=\/wp\/v2\/users\/1"}],"replies":[{"embeddable":true,"href":"http:\/\/rewater.co.kr\/vn\/index.php?rest_route=%2Fwp%2Fv2%2Fcomments&post=3574"}],"version-history":[{"count":4,"href":"http:\/\/rewater.co.kr\/vn\/index.php?rest_route=\/wp\/v2\/pages\/3574\/revisions"}],"predecessor-version":[{"id":3863,"href":"http:\/\/rewater.co.kr\/vn\/index.php?rest_route=\/wp\/v2\/pages\/3574\/revisions\/3863"}],"up":[{"embeddable":true,"href":"http:\/\/rewater.co.kr\/vn\/index.php?rest_route=\/wp\/v2\/pages\/1330"}],"wp:attachment":[{"href":"http:\/\/rewater.co.kr\/vn\/index.php?rest_route=%2Fwp%2Fv2%2Fmedia&parent=3574"}],"curies":[{"name":"wp","href":"https:\/\/api.w.org\/{rel}","templated":true}]}}